{"id":2,"date":"2026-02-26T10:28:50","date_gmt":"2026-02-26T10:28:50","guid":{"rendered":"http:\/\/kacperlemanski.com\/?page_id=2"},"modified":"2026-02-26T16:30:22","modified_gmt":"2026-02-26T16:30:22","slug":"sample-page","status":"publish","type":"page","link":"https:\/\/kacperlemanski.com\/","title":{"rendered":"Auto Agro"},"content":{"rendered":"\n<div class=\"wp-block-cover alignwide\"><img loading=\"lazy\" decoding=\"async\" width=\"1000\" height=\"1000\" class=\"wp-block-cover__image-background wp-image-20 size-full\" alt=\"\" src=\"http:\/\/kacperlemanski.com\/wp-content\/uploads\/2026\/02\/placeholder-1000x1000px.jpg\" data-object-fit=\"cover\" srcset=\"https:\/\/kacperlemanski.com\/wp-content\/uploads\/2026\/02\/placeholder-1000x1000px.jpg 1000w, https:\/\/kacperlemanski.com\/wp-content\/uploads\/2026\/02\/placeholder-1000x1000px-300x300.jpg 300w, https:\/\/kacperlemanski.com\/wp-content\/uploads\/2026\/02\/placeholder-1000x1000px-150x150.jpg 150w, https:\/\/kacperlemanski.com\/wp-content\/uploads\/2026\/02\/placeholder-1000x1000px-768x768.jpg 768w, https:\/\/kacperlemanski.com\/wp-content\/uploads\/2026\/02\/placeholder-1000x1000px-600x600.jpg 600w, https:\/\/kacperlemanski.com\/wp-content\/uploads\/2026\/02\/placeholder-1000x1000px-100x100.jpg 100w\" sizes=\"auto, (max-width: 1000px) 100vw, 1000px\" \/><span aria-hidden=\"true\" class=\"wp-block-cover__background has-background-dim\" style=\"background-color:#0093ff\"><\/span><div class=\"wp-block-cover__inner-container has-global-padding is-layout-constrained wp-block-cover-is-layout-constrained\">\n<h2 class=\"wp-block-heading\"><\/h2>\n<\/div><\/div>\n\n\n\n<div class=\"wp-block-group alignfull has-global-padding is-layout-constrained wp-container-core-group-is-layout-190373c5 wp-block-group-is-layout-constrained\" style=\"margin-top:0;margin-bottom:0;padding-top:var(--wp--preset--spacing--50);padding-bottom:var(--wp--preset--spacing--50)\">\n<div class=\"wp-block-group alignwide has-global-padding is-content-justification-left is-layout-constrained wp-container-core-group-is-layout-12dd3699 wp-block-group-is-layout-constrained\">\n<h2 class=\"wp-block-heading has-x-large-font-size\">Nasza oferta<\/h2>\n\n\n\n<p>Lorem ipsum dolor sit amet, consectetur adipiscing elit. Sed elementum tincidunt lacus.<\/p>\n<\/div>\n\n\n\n<div class=\"wp-block-columns alignwide is-layout-flex wp-container-core-columns-is-layout-cdebebb7 wp-block-columns-is-layout-flex\" style=\"padding-top:0;padding-bottom:0\">\n<div class=\"wp-block-column is-layout-flow wp-container-core-column-is-layout-8ad66c59 wp-block-column-is-layout-flow\" style=\"padding-top:var(--wp--preset--spacing--70)\">\n<figure class=\"wp-block-image size-full\"><a href=\"https:\/\/kacperlemanski.com\/index.php\/product-category\/main-category-1\/\"><img loading=\"lazy\" decoding=\"async\" width=\"1000\" height=\"1000\" src=\"http:\/\/kacperlemanski.com\/wp-content\/uploads\/2026\/02\/placeholder-1000x1000px.jpg\" alt=\"\" class=\"wp-image-20\" style=\"aspect-ratio:3\/2;object-fit:cover\" srcset=\"https:\/\/kacperlemanski.com\/wp-content\/uploads\/2026\/02\/placeholder-1000x1000px.jpg 1000w, https:\/\/kacperlemanski.com\/wp-content\/uploads\/2026\/02\/placeholder-1000x1000px-300x300.jpg 300w, https:\/\/kacperlemanski.com\/wp-content\/uploads\/2026\/02\/placeholder-1000x1000px-150x150.jpg 150w, https:\/\/kacperlemanski.com\/wp-content\/uploads\/2026\/02\/placeholder-1000x1000px-768x768.jpg 768w, https:\/\/kacperlemanski.com\/wp-content\/uploads\/2026\/02\/placeholder-1000x1000px-600x600.jpg 600w, https:\/\/kacperlemanski.com\/wp-content\/uploads\/2026\/02\/placeholder-1000x1000px-100x100.jpg 100w\" sizes=\"auto, (max-width: 1000px) 100vw, 1000px\" \/><\/a><\/figure>\n\n\n\n<div class=\"wp-block-group is-vertical is-layout-flex wp-container-core-group-is-layout-971a3e1f wp-block-group-is-layout-flex\" style=\"padding-top:var(--wp--preset--spacing--30)\">\n<h3 class=\"wp-block-heading\" style=\"padding-top:var(--wp--preset--spacing--20)\">Kategoria 1<\/h3>\n\n\n\n<p class=\"has-accent-4-color has-text-color has-link-color has-medium-font-size wp-elements-03876676244506931113e30c35e5c492\">Lorem ipsum dolor sit amet, consectetur adipiscing elit. Sed elementum tincidunt lacus.<\/p>\n<\/div>\n\n\n\n<div style=\"height:25px\" aria-hidden=\"true\" class=\"wp-block-spacer\"><\/div>\n\n\n\n<div class=\"wp-block-buttons is-layout-flex wp-block-buttons-is-layout-flex\">\n<div class=\"wp-block-button is-style-fill\"><a class=\"wp-block-button__link wp-element-button\" href=\"https:\/\/kacperlemanski.com\/index.php\/product-category\/main-category-1\/\">Sprawd\u017a nasz\u0105 ofert\u0119<\/a><\/div>\n<\/div>\n<\/div>\n\n\n\n<div class=\"wp-block-column is-layout-flow wp-container-core-column-is-layout-8ad66c59 wp-block-column-is-layout-flow\" style=\"padding-top:var(--wp--preset--spacing--70)\">\n<figure class=\"wp-block-image size-full\"><a href=\"https:\/\/kacperlemanski.com\/index.php\/product-category\/main-category-1\/\"><img loading=\"lazy\" decoding=\"async\" width=\"1000\" height=\"1000\" src=\"http:\/\/kacperlemanski.com\/wp-content\/uploads\/2026\/02\/placeholder-1000x1000px.jpg\" alt=\"\" class=\"wp-image-20\" style=\"aspect-ratio:3\/2;object-fit:cover\" srcset=\"https:\/\/kacperlemanski.com\/wp-content\/uploads\/2026\/02\/placeholder-1000x1000px.jpg 1000w, https:\/\/kacperlemanski.com\/wp-content\/uploads\/2026\/02\/placeholder-1000x1000px-300x300.jpg 300w, https:\/\/kacperlemanski.com\/wp-content\/uploads\/2026\/02\/placeholder-1000x1000px-150x150.jpg 150w, https:\/\/kacperlemanski.com\/wp-content\/uploads\/2026\/02\/placeholder-1000x1000px-768x768.jpg 768w, https:\/\/kacperlemanski.com\/wp-content\/uploads\/2026\/02\/placeholder-1000x1000px-600x600.jpg 600w, https:\/\/kacperlemanski.com\/wp-content\/uploads\/2026\/02\/placeholder-1000x1000px-100x100.jpg 100w\" sizes=\"auto, (max-width: 1000px) 100vw, 1000px\" \/><\/a><\/figure>\n\n\n\n<div class=\"wp-block-group is-vertical is-layout-flex wp-container-core-group-is-layout-971a3e1f wp-block-group-is-layout-flex\" style=\"padding-top:var(--wp--preset--spacing--30)\">\n<h3 class=\"wp-block-heading\" style=\"padding-top:var(--wp--preset--spacing--20)\">Kategoria 2<\/h3>\n\n\n\n<p class=\"has-accent-4-color has-text-color has-link-color has-medium-font-size wp-elements-03876676244506931113e30c35e5c492\">Lorem ipsum dolor sit amet, consectetur adipiscing elit. Sed elementum tincidunt lacus.<\/p>\n<\/div>\n\n\n\n<div style=\"height:25px\" aria-hidden=\"true\" class=\"wp-block-spacer\"><\/div>\n\n\n\n<div class=\"wp-block-buttons is-layout-flex wp-block-buttons-is-layout-flex\">\n<div class=\"wp-block-button is-style-fill\"><a class=\"wp-block-button__link wp-element-button\" href=\"https:\/\/kacperlemanski.com\/index.php\/product-category\/main-category-1\/\">Sprawd\u017a nasz\u0105 ofert\u0119<\/a><\/div>\n<\/div>\n<\/div>\n\n\n\n<div class=\"wp-block-column is-layout-flow wp-container-core-column-is-layout-8ad66c59 wp-block-column-is-layout-flow\" style=\"padding-top:var(--wp--preset--spacing--70)\">\n<figure class=\"wp-block-image size-full\"><a href=\"https:\/\/kacperlemanski.com\/index.php\/product-category\/main-category-1\/\"><img loading=\"lazy\" decoding=\"async\" width=\"1000\" height=\"1000\" src=\"http:\/\/kacperlemanski.com\/wp-content\/uploads\/2026\/02\/placeholder-1000x1000px.jpg\" alt=\"\" class=\"wp-image-20\" style=\"aspect-ratio:3\/2;object-fit:cover\" srcset=\"https:\/\/kacperlemanski.com\/wp-content\/uploads\/2026\/02\/placeholder-1000x1000px.jpg 1000w, https:\/\/kacperlemanski.com\/wp-content\/uploads\/2026\/02\/placeholder-1000x1000px-300x300.jpg 300w, https:\/\/kacperlemanski.com\/wp-content\/uploads\/2026\/02\/placeholder-1000x1000px-150x150.jpg 150w, https:\/\/kacperlemanski.com\/wp-content\/uploads\/2026\/02\/placeholder-1000x1000px-768x768.jpg 768w, https:\/\/kacperlemanski.com\/wp-content\/uploads\/2026\/02\/placeholder-1000x1000px-600x600.jpg 600w, https:\/\/kacperlemanski.com\/wp-content\/uploads\/2026\/02\/placeholder-1000x1000px-100x100.jpg 100w\" sizes=\"auto, (max-width: 1000px) 100vw, 1000px\" \/><\/a><\/figure>\n\n\n\n<div class=\"wp-block-group is-vertical is-layout-flex wp-container-core-group-is-layout-971a3e1f wp-block-group-is-layout-flex\" style=\"padding-top:var(--wp--preset--spacing--30)\">\n<h3 class=\"wp-block-heading\" style=\"padding-top:var(--wp--preset--spacing--20)\">Kategoria 3<\/h3>\n\n\n\n<p class=\"has-accent-4-color has-text-color has-link-color has-medium-font-size wp-elements-03876676244506931113e30c35e5c492\">Lorem ipsum dolor sit amet, consectetur adipiscing elit. Sed elementum tincidunt lacus.<\/p>\n<\/div>\n\n\n\n<div style=\"height:25px\" aria-hidden=\"true\" class=\"wp-block-spacer\"><\/div>\n\n\n\n<div class=\"wp-block-buttons is-layout-flex wp-block-buttons-is-layout-flex\">\n<div class=\"wp-block-button is-style-fill\"><a class=\"wp-block-button__link wp-element-button\" href=\"https:\/\/kacperlemanski.com\/index.php\/product-category\/main-category-1\/\">Sprawd\u017a nasz\u0105 ofert\u0119<\/a><\/div>\n<\/div>\n<\/div>\n<\/div>\n<\/div>\n","protected":false},"excerpt":{"rendered":"<p>Nasza oferta Lorem ipsum dolor sit amet, consectetur adipiscing elit. Sed elementum tincidunt lacus. Kategoria 1 Lorem ipsum dolor sit amet, consectetur adipiscing elit. Sed elementum tincidunt lacus. Kategoria 2 Lorem ipsum dolor sit amet, consectetur adipiscing elit. Sed elementum tincidunt lacus. Kategoria 3 Lorem ipsum dolor sit amet, consectetur adipiscing elit. Sed elementum tincidunt [&hellip;]<\/p>\n","protected":false},"author":1,"featured_media":0,"parent":0,"menu_order":0,"comment_status":"closed","ping_status":"open","template":"","meta":{"footnotes":""},"class_list":["post-2","page","type-page","status-publish","hentry"],"_links":{"self":[{"href":"https:\/\/kacperlemanski.com\/index.php\/wp-json\/wp\/v2\/pages\/2","targetHints":{"allow":["GET"]}}],"collection":[{"href":"https:\/\/kacperlemanski.com\/index.php\/wp-json\/wp\/v2\/pages"}],"about":[{"href":"https:\/\/kacperlemanski.com\/index.php\/wp-json\/wp\/v2\/types\/page"}],"author":[{"embeddable":true,"href":"https:\/\/kacperlemanski.com\/index.php\/wp-json\/wp\/v2\/users\/1"}],"replies":[{"embeddable":true,"href":"https:\/\/kacperlemanski.com\/index.php\/wp-json\/wp\/v2\/comments?post=2"}],"version-history":[{"count":11,"href":"https:\/\/kacperlemanski.com\/index.php\/wp-json\/wp\/v2\/pages\/2\/revisions"}],"predecessor-version":[{"id":49,"href":"https:\/\/kacperlemanski.com\/index.php\/wp-json\/wp\/v2\/pages\/2\/revisions\/49"}],"wp:attachment":[{"href":"https:\/\/kacperlemanski.com\/index.php\/wp-json\/wp\/v2\/media?parent=2"}],"curies":[{"name":"wp","href":"https:\/\/api.w.org\/{rel}","templated":true}]}}